{"id":1219,"date":"2022-12-21T07:42:59","date_gmt":"2022-12-21T06:42:59","guid":{"rendered":"http:\/\/legrosessert.ch\/?page_id=1219"},"modified":"2024-01-08T15:28:21","modified_gmt":"2024-01-08T14:28:21","slug":"home","status":"publish","type":"page","link":"http:\/\/legrosessert.ch\/","title":{"rendered":"Accueil"},"content":{"rendered":"\n<p>Nous serons en vacances du 1er f\u00e9vrier au 31 mars, pour toutes futures r\u00e9servations, veuillez nous envoyer un email \u00e0 : legrosessert@bluewin.ch<\/p>\n","protected":false},"excerpt":{"rendered":"<p>Nous serons en vacances du 1er f\u00e9vrier au 31 mars, pour toutes futures r\u00e9servations, veuillez nous envoyer un email \u00e0 : legrosessert@bluewin.ch<\/p>\n","protected":false},"author":1,"featured_media":0,"parent":0,"menu_order":0,"comment_status":"closed","ping_status":"closed","template":"template-business.php","meta":{"footnotes":""},"class_list":["post-1219","page","type-page","status-publish","hentry"],"_links":{"self":[{"href":"http:\/\/legrosessert.ch\/index.php?rest_route=\/wp\/v2\/pages\/1219","targetHints":{"allow":["GET"]}}],"collection":[{"href":"http:\/\/legrosessert.ch\/index.php?rest_route=\/wp\/v2\/pages"}],"about":[{"href":"http:\/\/legrosessert.ch\/index.php?rest_route=\/wp\/v2\/types\/page"}],"author":[{"embeddable":true,"href":"http:\/\/legrosessert.ch\/index.php?rest_route=\/wp\/v2\/users\/1"}],"replies":[{"embeddable":true,"href":"http:\/\/legrosessert.ch\/index.php?rest_route=%2Fwp%2Fv2%2Fcomments&post=1219"}],"version-history":[{"count":6,"href":"http:\/\/legrosessert.ch\/index.php?rest_route=\/wp\/v2\/pages\/1219\/revisions"}],"predecessor-version":[{"id":1516,"href":"http:\/\/legrosessert.ch\/index.php?rest_route=\/wp\/v2\/pages\/1219\/revisions\/1516"}],"wp:attachment":[{"href":"http:\/\/legrosessert.ch\/index.php?rest_route=%2Fwp%2Fv2%2Fmedia&parent=1219"}],"curies":[{"name":"wp","href":"https:\/\/api.w.org\/{rel}","templated":true}]}}